{"id":5029,"date":"2025-09-01T20:17:30","date_gmt":"2025-09-01T20:17:30","guid":{"rendered":"https:\/\/ekoenerjisistemleri.com\/?page_id=5029"},"modified":"2025-09-02T19:36:14","modified_gmt":"2025-09-02T19:36:14","slug":"servis-ve-montaj","status":"publish","type":"page","link":"https:\/\/ekoenerjisistemleri.com\/en\/servis-ve-montaj\/","title":{"rendered":"Service and Installation"},"content":{"rendered":"<div data-elementor-type=\"wp-page\" data-elementor-id=\"5029\" class=\"elementor elementor-5029\">\n\t\t\t\t<div class=\"elementor-element elementor-element-cb64de4 e-con-full e-flex rt-default-class e-con e-parent\" data-id=\"cb64de4\" data-element_type=\"container\">\n\t\t<div class=\"elementor-element elementor-element-8937be0 e-con-full e-flex rt-default-class e-con e-child\" data-id=\"8937be0\" data-element_type=\"container\">\n\t\t\t\t<div class=\"elementor-element elementor-element-4fa7ea1 rt-default-class elementor-widget elementor-widget-react-heading\" data-id=\"4fa7ea1\" data-element_type=\"widget\" data-widget_type=\"react-heading.default\">\n\t\t\t\t<div class=\"elementor-widget-container\">\n\t\t\t\t\t\t\t<div class=\"animation-wow fadeInUp react-heading default\">\r\n\t\t\t<div class=\"title-inner\">\r\n\t\t\t\t\t\t\t<\/div>\r\n\t\t\t\r\n\t\t\t\t\t\t\t<div class=\"description wow fadeInUp\">\r\n\t\t\t\t\t<h3 data-start=\"204\" data-end=\"250\">Points to Consider During Installation<\/h3><ol data-start=\"251\" data-end=\"621\"><li data-start=\"251\" data-end=\"341\"><p data-start=\"254\" data-end=\"341\">The hot water or steam temperature in aluminum radiators <strong data-start=\"310\" data-end=\"328\">maximum 200\u00b0C<\/strong> must be.<\/p><\/li><li data-start=\"342\" data-end=\"517\"><p data-start=\"345\" data-end=\"408\">The following measurements must be observed during radiator installations:<\/p><ul data-start=\"412\" data-end=\"517\"><li data-start=\"412\" data-end=\"434\"><p data-start=\"414\" data-end=\"434\">From the door: <strong data-start=\"423\" data-end=\"432\">12 cm<\/strong><\/p><\/li><li data-start=\"438\" data-end=\"467\"><p data-start=\"440\" data-end=\"467\">From the back wall: <strong data-start=\"455\" data-end=\"465\">3-5 cm<\/strong><\/p><\/li><li data-start=\"471\" data-end=\"517\"><p data-start=\"473\" data-end=\"517\">From the shelf above: <strong data-start=\"495\" data-end=\"515\">10-15 cm below<\/strong><\/p><\/li><\/ul><\/li><li data-start=\"518\" data-end=\"621\"><p data-start=\"521\" data-end=\"621\">If the back wall is not sufficiently insulated, additional insulation should be provided to reduce heat loss.<\/p><\/li><\/ol>\t\t\t\t<\/div>\r\n\t\t\t\t\t\t\t\t<\/div>\t\t\t\r\n\t\t\t\t\t<\/div>\n\t\t\t\t<\/div>\n\t\t\t\t<\/div>\n\t\t<div class=\"elementor-element elementor-element-a0c0a0c e-con-full e-flex rt-default-class e-con e-child\" data-id=\"a0c0a0c\" data-element_type=\"container\">\n\t\t<div class=\"elementor-element elementor-element-b00586b e-flex e-con-boxed rt-default-class e-con e-child\" data-id=\"b00586b\" data-element_type=\"container\">\n\t\t\t\t\t<div class=\"e-con-inner\">\n\t\t\t\t<div class=\"elementor-element elementor-element-c2963da rt-default-class elementor-widget elementor-widget-rt-react-image\" data-id=\"c2963da\" data-element_type=\"widget\" data-widget_type=\"rt-react-image.default\">\n\t\t\t\t<div class=\"elementor-widget-container\">\n\t\t\t\t\t        \n        <div class=\"react-image\">\n                            <img decoding=\"async\" class=\"react-multi-image wow scaleIn\" src=\"https:\/\/ekoenerjisistemleri.com\/wp-content\/uploads\/2025\/09\/eko2-1080x800-1.jpeg\"  alt=\"\"\/>\n                    <\/div>       \n    \t\t\t\t<\/div>\n\t\t\t\t<\/div>\n\t\t\t\t<div class=\"elementor-element elementor-element-dbb750b rt-default-class elementor-widget elementor-widget-rt-react-image\" data-id=\"dbb750b\" data-element_type=\"widget\" data-widget_type=\"rt-react-image.default\">\n\t\t\t\t<div class=\"elementor-widget-container\">\n\t\t\t\t\t        \n        <div class=\"react-image\">\n                            <img decoding=\"async\" class=\"react-multi-image wow scaleIn\" src=\"https:\/\/ekoenerjisistemleri.com\/wp-content\/uploads\/2025\/09\/lontek-radiator_01-1.jpg\"  alt=\"\"\/>\n                    <\/div>       \n    \t\t\t\t<\/div>\n\t\t\t\t<\/div>\n\t\t\t\t\t<\/div>\n\t\t\t\t<\/div>\n\t\t<div class=\"elementor-element elementor-element-3e17166 e-flex e-con-boxed rt-default-class e-con e-child\" data-id=\"3e17166\" data-element_type=\"container\">\n\t\t\t\t\t<div class=\"e-con-inner\">\n\t\t\t\t<div class=\"elementor-element elementor-element-36e5c38 rt-default-class elementor-widget elementor-widget-spacer\" data-id=\"36e5c38\" data-element_type=\"widget\" data-widget_type=\"spacer.default\">\n\t\t\t\t\t\t\t<div class=\"elementor-spacer\">\n\t\t\t<div class=\"elementor-spacer-inner\"><\/div>\n\t\t<\/div>\n\t\t\t\t\t\t<\/div>\n\t\t\t\t<div class=\"elementor-element elementor-element-87b3ffc rt-default-class elementor-widget elementor-widget-rt-react-image\" data-id=\"87b3ffc\" data-element_type=\"widget\" data-widget_type=\"rt-react-image.default\">\n\t\t\t\t<div class=\"elementor-widget-container\">\n\t\t\t\t\t        \n        <div class=\"react-image\">\n                            <img decoding=\"async\" class=\"react-multi-image wow scaleIn\" src=\"https:\/\/ekoenerjisistemleri.com\/wp-content\/uploads\/2025\/09\/BT-500C6-scaled.jpg\"  alt=\"\"\/>\n                    <\/div>       \n    \t\t\t\t<\/div>\n\t\t\t\t<\/div>\n\t\t\t\t\t<\/div>\n\t\t\t\t<\/div>\n\t\t\t\t<\/div>\n\t\t\t\t<\/div>\n\t\t<div class=\"elementor-element elementor-element-3123858 e-con-full e-flex rt-default-class e-con e-parent\" data-id=\"3123858\" data-element_type=\"container\">\n\t\t<div class=\"elementor-element elementor-element-685b364 e-con-full e-flex rt-default-class e-con e-child\" data-id=\"685b364\" data-element_type=\"container\">\n\t\t<div class=\"elementor-element elementor-element-5ca7e3a e-flex e-con-boxed rt-default-class e-con e-child\" data-id=\"5ca7e3a\" data-element_type=\"container\">\n\t\t\t\t\t<div class=\"e-con-inner\">\n\t\t\t\t<div class=\"elementor-element elementor-element-1237124 rt-default-class elementor-widget elementor-widget-rt-react-image\" data-id=\"1237124\" data-element_type=\"widget\" data-widget_type=\"rt-react-image.default\">\n\t\t\t\t<div class=\"elementor-widget-container\">\n\t\t\t\t\t        \n        <div class=\"react-image\">\n                            <img decoding=\"async\" class=\"react-multi-image wow scaleIn\" src=\"https:\/\/ekoenerjisistemleri.com\/wp-content\/uploads\/2025\/09\/SH-D-200C__1_-removebg-preview.png\"  alt=\"\"\/>\n                    <\/div>       \n    \t\t\t\t<\/div>\n\t\t\t\t<\/div>\n\t\t\t\t<div class=\"elementor-element elementor-element-da79a43 rt-default-class elementor-widget elementor-widget-rt-react-image\" data-id=\"da79a43\" data-element_type=\"widget\" data-widget_type=\"rt-react-image.default\">\n\t\t\t\t<div class=\"elementor-widget-container\">\n\t\t\t\t\t        \n        <div class=\"react-image\">\n                            <img decoding=\"async\" class=\"react-multi-image wow scaleIn\" src=\"https:\/\/ekoenerjisistemleri.com\/wp-content\/uploads\/2025\/09\/BT-350C.jpg\"  alt=\"\"\/>\n                    <\/div>       \n    \t\t\t\t<\/div>\n\t\t\t\t<\/div>\n\t\t\t\t\t<\/div>\n\t\t\t\t<\/div>\n\t\t<div class=\"elementor-element elementor-element-76e16e7 e-flex e-con-boxed rt-default-class e-con e-child\" data-id=\"76e16e7\" data-element_type=\"container\">\n\t\t\t\t\t<div class=\"e-con-inner\">\n\t\t\t\t<div class=\"elementor-element elementor-element-38f5bc2 rt-default-class elementor-widget elementor-widget-spacer\" data-id=\"38f5bc2\" data-element_type=\"widget\" data-widget_type=\"spacer.default\">\n\t\t\t\t\t\t\t<div class=\"elementor-spacer\">\n\t\t\t<div class=\"elementor-spacer-inner\"><\/div>\n\t\t<\/div>\n\t\t\t\t\t\t<\/div>\n\t\t\t\t<div class=\"elementor-element elementor-element-341cbc2 rt-default-class elementor-widget elementor-widget-rt-react-image\" data-id=\"341cbc2\" data-element_type=\"widget\" data-widget_type=\"rt-react-image.default\">\n\t\t\t\t<div class=\"elementor-widget-container\">\n\t\t\t\t\t        \n        <div class=\"react-image\">\n                            <img decoding=\"async\" class=\"react-multi-image wow scaleIn\" src=\"https:\/\/ekoenerjisistemleri.com\/wp-content\/uploads\/2025\/09\/SH-BO-500CH-scaled.jpg\"  alt=\"\"\/>\n                    <\/div>       \n    \t\t\t\t<\/div>\n\t\t\t\t<\/div>\n\t\t\t\t<div class=\"elementor-element elementor-element-10254d4 rt-default-class elementor-widget elementor-widget-rt-react-image\" data-id=\"10254d4\" data-element_type=\"widget\" data-widget_type=\"rt-react-image.default\">\n\t\t\t\t<div class=\"elementor-widget-container\">\n\t\t\t\t\t        \n        <div class=\"react-image\">\n                            <img decoding=\"async\" class=\"react-multi-image wow scaleIn\" src=\"https:\/\/ekoenerjisistemleri.com\/wp-content\/uploads\/2025\/09\/SH-B-600C.jpg\"  alt=\"\"\/>\n                    <\/div>       \n    \t\t\t\t<\/div>\n\t\t\t\t<\/div>\n\t\t\t\t\t<\/div>\n\t\t\t\t<\/div>\n\t\t\t\t<\/div>\n\t\t<div class=\"elementor-element elementor-element-acddc21 e-con-full e-flex rt-default-class e-con e-child\" data-id=\"acddc21\" data-element_type=\"container\">\n\t\t\t\t<div class=\"elementor-element elementor-element-e4ff92f rt-default-class elementor-widget elementor-widget-react-heading\" data-id=\"e4ff92f\" data-element_type=\"widget\" data-widget_type=\"react-heading.default\">\n\t\t\t\t<div class=\"elementor-widget-container\">\n\t\t\t\t\t\t\t<div class=\"animation-wow fadeInUp react-heading default\">\r\n\t\t\t<div class=\"title-inner\">\r\n\t\t\t\t\t\t\t<\/div>\r\n\t\t\t\r\n\t\t\t\t\t\t\t<div class=\"description wow fadeInUp\">\r\n\t\t\t\t\t<h3 data-start=\"623\" data-end=\"684\">Points to Consider When Using Aluminum Radiators<\/h3><ol data-start=\"685\" data-end=\"1157\"><li data-start=\"685\" data-end=\"774\"><p data-start=\"688\" data-end=\"774\">To clean radiator surfaces <strong data-start=\"725\" data-end=\"772\">absolutely do not use chemical substances.<\/strong><\/p><\/li><li data-start=\"775\" data-end=\"852\"><p data-start=\"778\" data-end=\"852\">Do not isolate the radiator from the system by closing the inlet and outlet valves.<\/p><\/li><li data-start=\"853\" data-end=\"1012\"><p data-start=\"856\" data-end=\"1012\">The aluminum radiator with copper fittings <strong data-start=\"906\" data-end=\"949\">direct contact causes electrochemical corrosion<\/strong> causes. Therefore, such connections should be avoided.<\/p><\/li><li data-start=\"1013\" data-end=\"1087\"><p data-start=\"1016\" data-end=\"1087\">Each radiator must definitely have <strong data-start=\"1038\" data-end=\"1071\">an air vent (bleeding valve)<\/strong> must be installed.<\/p><\/li><li data-start=\"1088\" data-end=\"1157\"><p data-start=\"1091\" data-end=\"1157\">The water in the closed circuit <strong data-start=\"1114\" data-end=\"1144\">its pH value should be between 7 and 8<\/strong> must be.<\/p><\/li><\/ol>\t\t\t\t<\/div>\r\n\t\t\t\t\t\t\t\t<\/div>\t\t\t\r\n\t\t\t\t\t<\/div>\n\t\t\t\t<\/div>\n\t\t\t\t<\/div>\n\t\t\t\t<\/div>\n\t\t\t\t<\/div>","protected":false},"excerpt":{"rendered":"<p>Montaj Esnas\u0131nda Dikkat Edilecek Konular Al\u00fcminyum radyat\u00f6rlerinde s\u0131cak su veya buhar s\u0131cakl\u0131\u011f\u0131 en fazla 200\u00b0C olmal\u0131d\u0131r. Radyat\u00f6r montajlar\u0131nda a\u015fa\u011f\u0131daki \u00f6l\u00e7\u00fclere dikkat edilmelidir: Kap\u0131dan: 12 cm Arka duvardan: 3-5 cm \u00dcstte bulunan raftan: 10-15 cm a\u015fa\u011f\u0131da Arka taraftaki duvar yeterince yal\u0131t\u0131lmam\u0131\u015fsa, \u0131s\u0131 kayb\u0131n\u0131 azaltmak i\u00e7in ek yal\u0131t\u0131m sa\u011flanmal\u0131d\u0131r. Al\u00fcminyum Radyat\u00f6r Kullan\u0131rken Dikkat Edilecek Hususlar Radyat\u00f6r y\u00fczeylerini&#8230;<\/p>","protected":false},"author":1,"featured_media":0,"parent":0,"menu_order":0,"comment_status":"closed","ping_status":"closed","template":"","meta":{"pagelayer_contact_templates":[],"_pagelayer_content":"","footnotes":""},"class_list":["post-5029","page","type-page","status-publish","hentry"],"_links":{"self":[{"href":"https:\/\/ekoenerjisistemleri.com\/en\/wp-json\/wp\/v2\/pages\/5029","targetHints":{"allow":["GET"]}}],"collection":[{"href":"https:\/\/ekoenerjisistemleri.com\/en\/wp-json\/wp\/v2\/pages"}],"about":[{"href":"https:\/\/ekoenerjisistemleri.com\/en\/wp-json\/wp\/v2\/types\/page"}],"author":[{"embeddable":true,"href":"https:\/\/ekoenerjisistemleri.com\/en\/wp-json\/wp\/v2\/users\/1"}],"replies":[{"embeddable":true,"href":"https:\/\/ekoenerjisistemleri.com\/en\/wp-json\/wp\/v2\/comments?post=5029"}],"version-history":[{"count":10,"href":"https:\/\/ekoenerjisistemleri.com\/en\/wp-json\/wp\/v2\/pages\/5029\/revisions"}],"predecessor-version":[{"id":5160,"href":"https:\/\/ekoenerjisistemleri.com\/en\/wp-json\/wp\/v2\/pages\/5029\/revisions\/5160"}],"wp:attachment":[{"href":"https:\/\/ekoenerjisistemleri.com\/en\/wp-json\/wp\/v2\/media?parent=5029"}],"curies":[{"name":"wp","href":"https:\/\/api.w.org\/{rel}","templated":true}]}}