{"id":5029,"date":"2025-09-01T20:17:30","date_gmt":"2025-09-01T20:17:30","guid":{"rendered":"https:\/\/ekoenerjisistemleri.com\/?page_id=5029"},"modified":"2025-09-02T19:36:14","modified_gmt":"2025-09-02T19:36:14","slug":"servis-ve-montaj","status":"publish","type":"page","link":"https:\/\/ekoenerjisistemleri.com\/kk\/servis-ve-montaj\/","title":{"rendered":"\u0421\u0435\u0440\u0432\u0438\u0441 \u0436\u04d9\u043d\u0435 \u041e\u0440\u043d\u0430\u0442\u0443"},"content":{"rendered":"<div data-elementor-type=\"wp-page\" data-elementor-id=\"5029\" class=\"elementor elementor-5029\">\n\t\t\t\t<div class=\"elementor-element elementor-element-cb64de4 e-con-full e-flex rt-default-class e-con e-parent\" data-id=\"cb64de4\" data-element_type=\"container\">\n\t\t<div class=\"elementor-element elementor-element-8937be0 e-con-full e-flex rt-default-class e-con e-child\" data-id=\"8937be0\" data-element_type=\"container\">\n\t\t\t\t<div class=\"elementor-element elementor-element-4fa7ea1 rt-default-class elementor-widget elementor-widget-react-heading\" data-id=\"4fa7ea1\" data-element_type=\"widget\" data-widget_type=\"react-heading.default\">\n\t\t\t\t<div class=\"elementor-widget-container\">\n\t\t\t\t\t\t\t<div class=\"animation-wow fadeInUp react-heading default\">\r\n\t\t\t<div class=\"title-inner\">\r\n\t\t\t\t\t\t\t<\/div>\r\n\t\t\t\r\n\t\t\t\t\t\t\t<div class=\"description wow fadeInUp\">\r\n\t\t\t\t\t<h3 data-start=\"204\" data-end=\"250\">\u041e\u0440\u043d\u0430\u0442\u0443 \u041a\u0435\u0437\u0456\u043d\u0434\u0435 \u041d\u0430\u0437\u0430\u0440 \u0410\u0443\u0434\u0430\u0440\u0430\u0442\u044b\u043d \u0416\u0430\u0439\u0442\u0442\u0430\u0440<\/h3><ol data-start=\"251\" data-end=\"621\"><li data-start=\"251\" data-end=\"341\"><p data-start=\"254\" data-end=\"341\">\u0410\u043b\u044e\u043c\u0438\u043d\u0438\u0439 \u0440\u0430\u0434\u0438\u0430\u0442\u043e\u0440\u043b\u0430\u0440\u044b\u043d\u0434\u0430\u0493\u044b \u044b\u0441\u0442\u044b\u049b \u0441\u0443 \u043d\u0435\u043c\u0435\u0441\u0435 \u0431\u0443 \u0442\u0435\u043c\u043f\u0435\u0440\u0430\u0442\u0443\u0440\u0430\u0441\u044b <strong data-start=\"310\" data-end=\"328\">\u0435\u04a3 \u043a\u04e9\u043f 200\u00b0C<\/strong> \u0431\u043e\u043b\u0443\u044b \u043a\u0435\u0440\u0435\u043a.<\/p><\/li><li data-start=\"342\" data-end=\"517\"><p data-start=\"345\" data-end=\"408\">\u0420\u0430\u0434\u0438\u0430\u0442\u043e\u0440\u043b\u0430\u0440\u0434\u044b \u043e\u0440\u043d\u0430\u0442\u0443 \u043a\u0435\u0437\u0456\u043d\u0434\u0435 \u0442\u04e9\u043c\u0435\u043d\u0434\u0435\u0433\u0456 \u04e9\u043b\u0448\u0435\u043c\u0434\u0435\u0440\u0433\u0435 \u043d\u0430\u0437\u0430\u0440 \u0430\u0443\u0434\u0430\u0440\u0443 \u049b\u0430\u0436\u0435\u0442:<\/p><ul data-start=\"412\" data-end=\"517\"><li data-start=\"412\" data-end=\"434\"><p data-start=\"414\" data-end=\"434\">\u0415\u0441\u0456\u043a\u0442\u0435\u043d: <strong data-start=\"423\" data-end=\"432\">12 cm<\/strong><\/p><\/li><li data-start=\"438\" data-end=\"467\"><p data-start=\"440\" data-end=\"467\">\u0410\u0440\u0442\u049b\u044b \u049b\u0430\u0431\u044b\u0440\u0493\u0430\u0434\u0430\u043d: <strong data-start=\"455\" data-end=\"465\">3-5 cm<\/strong><\/p><\/li><li data-start=\"471\" data-end=\"517\"><p data-start=\"473\" data-end=\"517\">\u0416\u043e\u0493\u0430\u0440\u0493\u044b \u0441\u04e9\u0440\u0435\u0434\u0435\u043d: <strong data-start=\"495\" data-end=\"515\">10-15 \u0441\u043c \u0442\u04e9\u043c\u0435\u043d\u0434\u0435<\/strong><\/p><\/li><\/ul><\/li><li data-start=\"518\" data-end=\"621\"><p data-start=\"521\" data-end=\"621\">\u0410\u0440\u0442\u049b\u044b \u049b\u0430\u0431\u044b\u0440\u0493\u0430 \u0436\u0435\u0442\u043a\u0456\u043b\u0456\u043a\u0442\u0456 \u043e\u049b\u0448\u0430\u0443\u043b\u0430\u043d\u0431\u0430\u0493\u0430\u043d \u0431\u043e\u043b\u0441\u0430, \u0436\u044b\u043b\u0443 \u0436\u043e\u0493\u0430\u043b\u0443\u044b\u043d \u0430\u0437\u0430\u0439\u0442\u0443 \u04af\u0448\u0456\u043d \u049b\u043e\u0441\u044b\u043c\u0448\u0430 \u043e\u049b\u0448\u0430\u0443\u043b\u0430\u0443 \u0436\u0430\u0441\u0430\u043b\u0443\u044b \u043a\u0435\u0440\u0435\u043a.<\/p><\/li><\/ol>\t\t\t\t<\/div>\r\n\t\t\t\t\t\t\t\t<\/div>\t\t\t\r\n\t\t\t\t\t<\/div>\n\t\t\t\t<\/div>\n\t\t\t\t<\/div>\n\t\t<div class=\"elementor-element elementor-element-a0c0a0c e-con-full e-flex rt-default-class e-con e-child\" data-id=\"a0c0a0c\" data-element_type=\"container\">\n\t\t<div class=\"elementor-element elementor-element-b00586b e-flex e-con-boxed rt-default-class e-con e-child\" data-id=\"b00586b\" data-element_type=\"container\">\n\t\t\t\t\t<div class=\"e-con-inner\">\n\t\t\t\t<div class=\"elementor-element elementor-element-c2963da rt-default-class elementor-widget elementor-widget-rt-react-image\" data-id=\"c2963da\" data-element_type=\"widget\" data-widget_type=\"rt-react-image.default\">\n\t\t\t\t<div class=\"elementor-widget-container\">\n\t\t\t\t\t        \n        <div class=\"react-image\">\n                            <img decoding=\"async\" class=\"react-multi-image wow scaleIn\" src=\"https:\/\/ekoenerjisistemleri.com\/wp-content\/uploads\/2025\/09\/eko2-1080x800-1.jpeg\"  alt=\"\"\/>\n                    <\/div>       \n    \t\t\t\t<\/div>\n\t\t\t\t<\/div>\n\t\t\t\t<div class=\"elementor-element elementor-element-dbb750b rt-default-class elementor-widget elementor-widget-rt-react-image\" data-id=\"dbb750b\" data-element_type=\"widget\" data-widget_type=\"rt-react-image.default\">\n\t\t\t\t<div class=\"elementor-widget-container\">\n\t\t\t\t\t        \n        <div class=\"react-image\">\n                            <img decoding=\"async\" class=\"react-multi-image wow scaleIn\" src=\"https:\/\/ekoenerjisistemleri.com\/wp-content\/uploads\/2025\/09\/lontek-radiator_01-1.jpg\"  alt=\"\"\/>\n                    <\/div>       \n    \t\t\t\t<\/div>\n\t\t\t\t<\/div>\n\t\t\t\t\t<\/div>\n\t\t\t\t<\/div>\n\t\t<div class=\"elementor-element elementor-element-3e17166 e-flex e-con-boxed rt-default-class e-con e-child\" data-id=\"3e17166\" data-element_type=\"container\">\n\t\t\t\t\t<div class=\"e-con-inner\">\n\t\t\t\t<div class=\"elementor-element elementor-element-36e5c38 rt-default-class elementor-widget elementor-widget-spacer\" data-id=\"36e5c38\" data-element_type=\"widget\" data-widget_type=\"spacer.default\">\n\t\t\t\t\t\t\t<div class=\"elementor-spacer\">\n\t\t\t<div class=\"elementor-spacer-inner\"><\/div>\n\t\t<\/div>\n\t\t\t\t\t\t<\/div>\n\t\t\t\t<div class=\"elementor-element elementor-element-87b3ffc rt-default-class elementor-widget elementor-widget-rt-react-image\" data-id=\"87b3ffc\" data-element_type=\"widget\" data-widget_type=\"rt-react-image.default\">\n\t\t\t\t<div class=\"elementor-widget-container\">\n\t\t\t\t\t        \n        <div class=\"react-image\">\n                            <img decoding=\"async\" class=\"react-multi-image wow scaleIn\" src=\"https:\/\/ekoenerjisistemleri.com\/wp-content\/uploads\/2025\/09\/BT-500C6-scaled.jpg\"  alt=\"\"\/>\n                    <\/div>       \n    \t\t\t\t<\/div>\n\t\t\t\t<\/div>\n\t\t\t\t\t<\/div>\n\t\t\t\t<\/div>\n\t\t\t\t<\/div>\n\t\t\t\t<\/div>\n\t\t<div class=\"elementor-element elementor-element-3123858 e-con-full e-flex rt-default-class e-con e-parent\" data-id=\"3123858\" data-element_type=\"container\">\n\t\t<div class=\"elementor-element elementor-element-685b364 e-con-full e-flex rt-default-class e-con e-child\" data-id=\"685b364\" data-element_type=\"container\">\n\t\t<div class=\"elementor-element elementor-element-5ca7e3a e-flex e-con-boxed rt-default-class e-con e-child\" data-id=\"5ca7e3a\" data-element_type=\"container\">\n\t\t\t\t\t<div class=\"e-con-inner\">\n\t\t\t\t<div class=\"elementor-element elementor-element-1237124 rt-default-class elementor-widget elementor-widget-rt-react-image\" data-id=\"1237124\" data-element_type=\"widget\" data-widget_type=\"rt-react-image.default\">\n\t\t\t\t<div class=\"elementor-widget-container\">\n\t\t\t\t\t        \n        <div class=\"react-image\">\n                            <img decoding=\"async\" class=\"react-multi-image wow scaleIn\" src=\"https:\/\/ekoenerjisistemleri.com\/wp-content\/uploads\/2025\/09\/SH-D-200C__1_-removebg-preview.png\"  alt=\"\"\/>\n                    <\/div>       \n    \t\t\t\t<\/div>\n\t\t\t\t<\/div>\n\t\t\t\t<div class=\"elementor-element elementor-element-da79a43 rt-default-class elementor-widget elementor-widget-rt-react-image\" data-id=\"da79a43\" data-element_type=\"widget\" data-widget_type=\"rt-react-image.default\">\n\t\t\t\t<div class=\"elementor-widget-container\">\n\t\t\t\t\t        \n        <div class=\"react-image\">\n                            <img decoding=\"async\" class=\"react-multi-image wow scaleIn\" src=\"https:\/\/ekoenerjisistemleri.com\/wp-content\/uploads\/2025\/09\/BT-350C.jpg\"  alt=\"\"\/>\n                    <\/div>       \n    \t\t\t\t<\/div>\n\t\t\t\t<\/div>\n\t\t\t\t\t<\/div>\n\t\t\t\t<\/div>\n\t\t<div class=\"elementor-element elementor-element-76e16e7 e-flex e-con-boxed rt-default-class e-con e-child\" data-id=\"76e16e7\" data-element_type=\"container\">\n\t\t\t\t\t<div class=\"e-con-inner\">\n\t\t\t\t<div class=\"elementor-element elementor-element-38f5bc2 rt-default-class elementor-widget elementor-widget-spacer\" data-id=\"38f5bc2\" data-element_type=\"widget\" data-widget_type=\"spacer.default\">\n\t\t\t\t\t\t\t<div class=\"elementor-spacer\">\n\t\t\t<div class=\"elementor-spacer-inner\"><\/div>\n\t\t<\/div>\n\t\t\t\t\t\t<\/div>\n\t\t\t\t<div class=\"elementor-element elementor-element-341cbc2 rt-default-class elementor-widget elementor-widget-rt-react-image\" data-id=\"341cbc2\" data-element_type=\"widget\" data-widget_type=\"rt-react-image.default\">\n\t\t\t\t<div class=\"elementor-widget-container\">\n\t\t\t\t\t        \n        <div class=\"react-image\">\n                            <img decoding=\"async\" class=\"react-multi-image wow scaleIn\" src=\"https:\/\/ekoenerjisistemleri.com\/wp-content\/uploads\/2025\/09\/SH-BO-500CH-scaled.jpg\"  alt=\"\"\/>\n                    <\/div>       \n    \t\t\t\t<\/div>\n\t\t\t\t<\/div>\n\t\t\t\t<div class=\"elementor-element elementor-element-10254d4 rt-default-class elementor-widget elementor-widget-rt-react-image\" data-id=\"10254d4\" data-element_type=\"widget\" data-widget_type=\"rt-react-image.default\">\n\t\t\t\t<div class=\"elementor-widget-container\">\n\t\t\t\t\t        \n        <div class=\"react-image\">\n                            <img decoding=\"async\" class=\"react-multi-image wow scaleIn\" src=\"https:\/\/ekoenerjisistemleri.com\/wp-content\/uploads\/2025\/09\/SH-B-600C.jpg\"  alt=\"\"\/>\n                    <\/div>       \n    \t\t\t\t<\/div>\n\t\t\t\t<\/div>\n\t\t\t\t\t<\/div>\n\t\t\t\t<\/div>\n\t\t\t\t<\/div>\n\t\t<div class=\"elementor-element elementor-element-acddc21 e-con-full e-flex rt-default-class e-con e-child\" data-id=\"acddc21\" data-element_type=\"container\">\n\t\t\t\t<div class=\"elementor-element elementor-element-e4ff92f rt-default-class elementor-widget elementor-widget-react-heading\" data-id=\"e4ff92f\" data-element_type=\"widget\" data-widget_type=\"react-heading.default\">\n\t\t\t\t<div class=\"elementor-widget-container\">\n\t\t\t\t\t\t\t<div class=\"animation-wow fadeInUp react-heading default\">\r\n\t\t\t<div class=\"title-inner\">\r\n\t\t\t\t\t\t\t<\/div>\r\n\t\t\t\r\n\t\t\t\t\t\t\t<div class=\"description wow fadeInUp\">\r\n\t\t\t\t\t<h3 data-start=\"623\" data-end=\"684\">\u0410\u043b\u044e\u043c\u0438\u043d\u0438\u0439 \u0420\u0430\u0434\u0438\u0430\u0442\u043e\u0440\u043b\u0430\u0440\u044b\u043d \u049a\u043e\u043b\u0434\u0430\u043d\u0493\u0430\u043d\u0434\u0430 \u041d\u0430\u0437\u0430\u0440 \u0410\u0443\u0434\u0430\u0440\u0430\u0442\u044b\u043d \u0416\u0430\u0439\u0442\u0442\u0430\u0440<\/h3><ol data-start=\"685\" data-end=\"1157\"><li data-start=\"685\" data-end=\"774\"><p data-start=\"688\" data-end=\"774\">\u0420\u0430\u0434\u0438\u0430\u0442\u043e\u0440 \u0431\u0435\u0442\u0442\u0435\u0440\u0456\u043d \u0442\u0430\u0437\u0430\u043b\u0430\u0443 \u04af\u0448\u0456\u043d <strong data-start=\"725\" data-end=\"772\">\u0435\u0448\u049b\u0430\u0448\u0430\u043d \u0445\u0438\u043c\u0438\u044f\u043b\u044b\u049b \u0437\u0430\u0442\u0442\u0430\u0440\u0434\u044b \u049b\u043e\u043b\u0434\u0430\u043d\u0431\u0430\u04a3\u044b\u0437.<\/strong><\/p><\/li><li data-start=\"775\" data-end=\"852\"><p data-start=\"778\" data-end=\"852\">\u041a\u0456\u0440\u0443 \u0436\u04d9\u043d\u0435 \u0448\u044b\u0493\u0443 \u043a\u0440\u0430\u043d\u0434\u0430\u0440\u044b\u043d \u0436\u0430\u0443\u044b\u043f, \u0440\u0430\u0434\u0438\u0430\u0442\u043e\u0440\u0434\u044b \u0436\u04af\u0439\u0435\u0434\u0435\u043d \u043e\u049b\u0448\u0430\u0443\u043b\u0430\u043c\u0430\u04a3\u044b\u0437.<\/p><\/li><li data-start=\"853\" data-end=\"1012\"><p data-start=\"856\" data-end=\"1012\">\u041c\u044b\u0441 \u049b\u043e\u0441\u049b\u044b\u0448 \u0431\u04e9\u043b\u0448\u0435\u043a\u0442\u0435\u0440\u0456 \u0431\u0430\u0440 \u0430\u043b\u044e\u043c\u0438\u043d\u0438\u0439 \u0440\u0430\u0434\u0438\u0430\u0442\u043e\u0440 <strong data-start=\"906\" data-end=\"949\">\u0442\u0456\u043a\u0435\u043b\u0435\u0439 \u0436\u0430\u043d\u0430\u0441\u0443\u044b \u044d\u043b\u0435\u043a\u0442\u0440\u043e\u0445\u0438\u043c\u0438\u044f\u043b\u044b\u049b \u043a\u043e\u0440\u0440\u043e\u0437\u0438\u044f\u0493\u0430 \u04d9\u043a\u0435\u043b\u0435\u0434\u0456<\/strong> \u0441\u0435\u0431\u0435\u043f \u0431\u043e\u043b\u0430\u0434\u044b. \u0421\u043e\u043d\u0434\u044b\u049b\u0442\u0430\u043d \u043c\u04b1\u043d\u0434\u0430\u0439 \u049b\u043e\u0441\u044b\u043b\u044b\u0441\u0442\u0430\u0440\u0434\u0430\u043d \u0430\u0443\u043b\u0430\u049b \u0431\u043e\u043b\u0443 \u043a\u0435\u0440\u0435\u043a.<\/p><\/li><li data-start=\"1013\" data-end=\"1087\"><p data-start=\"1016\" data-end=\"1087\">\u04d8\u0440 \u0440\u0430\u0434\u0438\u0430\u0442\u043e\u0440\u0493\u0430 \u043c\u0456\u043d\u0434\u0435\u0442\u0442\u0456 \u0442\u04af\u0440\u0434\u0435 <strong data-start=\"1038\" data-end=\"1071\">\u043f\u04af\u0440\u0436\u04e9\u0440 (\u0430\u0443\u0430 \u0448\u044b\u0493\u0430\u0440\u0443 \u049b\u04b1\u0440\u044b\u043b\u0493\u044b\u0441\u044b)<\/strong> \u043e\u0440\u043d\u0430\u0442\u044b\u043b\u0443\u044b \u043a\u0435\u0440\u0435\u043a.<\/p><\/li><li data-start=\"1088\" data-end=\"1157\"><p data-start=\"1091\" data-end=\"1157\">\u0416\u0430\u0431\u044b\u049b \u0436\u04af\u0439\u0435\u0434\u0435\u0433\u0456 \u0441\u0443 <strong data-start=\"1114\" data-end=\"1144\">\u043e\u043d\u044b\u04a3 pH \u043c\u04d9\u043d\u0456 7 \u043c\u0435\u043d 8 \u0430\u0440\u0430\u0441\u044b\u043d\u0434\u0430 \u0431\u043e\u043b\u0443\u044b \u043a\u0435\u0440\u0435\u043a<\/strong> \u0431\u043e\u043b\u0443\u044b \u043a\u0435\u0440\u0435\u043a.<\/p><\/li><\/ol>\t\t\t\t<\/div>\r\n\t\t\t\t\t\t\t\t<\/div>\t\t\t\r\n\t\t\t\t\t<\/div>\n\t\t\t\t<\/div>\n\t\t\t\t<\/div>\n\t\t\t\t<\/div>\n\t\t\t\t<\/div>","protected":false},"excerpt":{"rendered":"<p>Montaj Esnas\u0131nda Dikkat Edilecek Konular Al\u00fcminyum radyat\u00f6rlerinde s\u0131cak su veya buhar s\u0131cakl\u0131\u011f\u0131 en fazla 200\u00b0C olmal\u0131d\u0131r. Radyat\u00f6r montajlar\u0131nda a\u015fa\u011f\u0131daki \u00f6l\u00e7\u00fclere dikkat edilmelidir: Kap\u0131dan: 12 cm Arka duvardan: 3-5 cm \u00dcstte bulunan raftan: 10-15 cm a\u015fa\u011f\u0131da Arka taraftaki duvar yeterince yal\u0131t\u0131lmam\u0131\u015fsa, \u0131s\u0131 kayb\u0131n\u0131 azaltmak i\u00e7in ek yal\u0131t\u0131m sa\u011flanmal\u0131d\u0131r. Al\u00fcminyum Radyat\u00f6r Kullan\u0131rken Dikkat Edilecek Hususlar Radyat\u00f6r y\u00fczeylerini&#8230;<\/p>","protected":false},"author":1,"featured_media":0,"parent":0,"menu_order":0,"comment_status":"closed","ping_status":"closed","template":"","meta":{"pagelayer_contact_templates":[],"_pagelayer_content":"","footnotes":""},"class_list":["post-5029","page","type-page","status-publish","hentry"],"_links":{"self":[{"href":"https:\/\/ekoenerjisistemleri.com\/kk\/wp-json\/wp\/v2\/pages\/5029","targetHints":{"allow":["GET"]}}],"collection":[{"href":"https:\/\/ekoenerjisistemleri.com\/kk\/wp-json\/wp\/v2\/pages"}],"about":[{"href":"https:\/\/ekoenerjisistemleri.com\/kk\/wp-json\/wp\/v2\/types\/page"}],"author":[{"embeddable":true,"href":"https:\/\/ekoenerjisistemleri.com\/kk\/wp-json\/wp\/v2\/users\/1"}],"replies":[{"embeddable":true,"href":"https:\/\/ekoenerjisistemleri.com\/kk\/wp-json\/wp\/v2\/comments?post=5029"}],"version-history":[{"count":10,"href":"https:\/\/ekoenerjisistemleri.com\/kk\/wp-json\/wp\/v2\/pages\/5029\/revisions"}],"predecessor-version":[{"id":5160,"href":"https:\/\/ekoenerjisistemleri.com\/kk\/wp-json\/wp\/v2\/pages\/5029\/revisions\/5160"}],"wp:attachment":[{"href":"https:\/\/ekoenerjisistemleri.com\/kk\/wp-json\/wp\/v2\/media?parent=5029"}],"curies":[{"name":"wp","href":"https:\/\/api.w.org\/{rel}","templated":true}]}}