{"id":940,"date":"2024-05-21T16:17:06","date_gmt":"2024-05-21T16:17:06","guid":{"rendered":"http:\/\/localhost\/coolair\/?page_id=940"},"modified":"2025-09-06T19:19:19","modified_gmt":"2025-09-06T19:19:19","slug":"iletisim","status":"publish","type":"page","link":"https:\/\/ekoenerjisistemleri.com\/kk\/iletisim\/","title":{"rendered":"\u0411\u0430\u0439\u043b\u0430\u043d\u044b\u0441"},"content":{"rendered":"<div data-elementor-type=\"wp-page\" data-elementor-id=\"940\" class=\"elementor elementor-940\">\n\t\t\t\t<div class=\"elementor-element elementor-element-ca6175f e-flex e-con-boxed rt-default-class e-con e-parent\" data-id=\"ca6175f\" data-element_type=\"container\" data-settings=\"{&quot;background_background&quot;:&quot;classic&quot;}\">\n\t\t\t\t\t<div class=\"e-con-inner\">\n\t\t<div class=\"elementor-element elementor-element-e65a3be e-flex e-con-boxed rt-default-class e-con e-child\" data-id=\"e65a3be\" data-element_type=\"container\" data-settings=\"{&quot;background_background&quot;:&quot;gradient&quot;}\">\n\t\t\t\t\t<div class=\"e-con-inner\">\n\t\t<div class=\"elementor-element elementor-element-51dbe8f e-flex e-con-boxed rt-default-class e-con e-child\" data-id=\"51dbe8f\" data-element_type=\"container\">\n\t\t\t\t\t<div class=\"e-con-inner\">\n\t\t<div class=\"elementor-element elementor-element-506327c e-con-full e-flex rt-default-class e-con e-child\" data-id=\"506327c\" data-element_type=\"container\">\n\t\t\t\t<div class=\"elementor-element elementor-element-e9384bd rt-default-class elementor-widget elementor-widget-react-heading\" data-id=\"e9384bd\" data-element_type=\"widget\" data-widget_type=\"react-heading.default\">\n\t\t\t\t<div class=\"elementor-widget-container\">\n\t\t\t\t\t\t\t<div class=\"animation-style1 react-heading default\">\r\n\t\t\t<div class=\"title-inner\">\r\n\t\t\t\t<span class=\"custom sub-text subtitle style1\">Eko \u042d\u043d\u0435\u0440\u0433\u0438 \u0416\u04af\u0439\u0435\u043b\u0435\u0440\u0456<\/span>\t\t\t<\/div>\r\n\t\t\t\r\n\t\t\t\t\t\t\t\t<\/div>\t\t\t\r\n\t\t\t\t\t<\/div>\n\t\t\t\t<\/div>\n\t\t\t\t<div class=\"elementor-element elementor-element-f253f09 rt-default-class elementor-widget elementor-widget-react-page-title\" data-id=\"f253f09\" data-element_type=\"widget\" data-widget_type=\"react-page-title.default\">\n\t\t\t\t<div class=\"elementor-widget-container\">\n\t\t\t\t\t        \n        <h1 class=\"page-title\">\n\t\t\u0411\u0430\u0439\u043b\u0430\u043d\u044b\u0441        <\/h1>\n        \t\t\t\t<\/div>\n\t\t\t\t<\/div>\n\t\t\t\t<div class=\"elementor-element elementor-element-a7fbbf7 rt-default-class elementor-widget elementor-widget-react-page-heading\" data-id=\"a7fbbf7\" data-element_type=\"widget\" data-widget_type=\"react-page-heading.default\">\n\t\t\t\t<div class=\"elementor-widget-container\">\n\t\t\t\t\t        <div class=\"breadcrumbs-single\"> \n                                <div class=\"breadcrumbs-title\"> <!-- Breadcrumb NavXT 7.4.1 -->\n<span property=\"itemListElement\" typeof=\"ListItem\"><a property=\"item\" typeof=\"WebPage\" title=\"Go to Eko Enerji Sistemleri.\" href=\"https:\/\/ekoenerjisistemleri.com\/kk\" class=\"home\" ><span property=\"name\">Eko \u042d\u043d\u0435\u0440\u0433\u0438 \u0416\u04af\u0439\u0435\u043b\u0435\u0440\u0456<\/span><\/a><meta property=\"position\" content=\"1\"><\/span> &gt; <span property=\"itemListElement\" typeof=\"ListItem\"><a property=\"item\" typeof=\"WebPage\" title=\"Go to Blog.\" href=\"https:\/\/ekoenerjisistemleri.com\/kk\/blog\/\" class=\"post-root post post-post\" aria-current=\"page\"><span property=\"name\">Blog<\/span><\/a><meta property=\"position\" content=\"2\"><\/span><\/div>\n                           \n        \n            <\/div>\n    \t\t\t\t<\/div>\n\t\t\t\t<\/div>\n\t\t\t\t<\/div>\n\t\t\t\t\t<\/div>\n\t\t\t\t<\/div>\n\t\t\t\t\t<\/div>\n\t\t\t\t<\/div>\n\t\t\t\t\t<\/div>\n\t\t\t\t<\/div>\n\t\t<div class=\"elementor-element elementor-element-1f5a100 e-flex e-con-boxed rt-default-class e-con e-parent\" data-id=\"1f5a100\" data-element_type=\"container\">\n\t\t\t\t\t<div class=\"e-con-inner\">\n\t\t<div class=\"elementor-element elementor-element-fbaf1f9 e-con-full e-flex rt-default-class e-con e-child\" data-id=\"fbaf1f9\" data-element_type=\"container\">\n\t\t\t\t<div class=\"elementor-element elementor-element-fb2bd7e rt-default-class elementor-widget elementor-widget-shortcode\" data-id=\"fb2bd7e\" data-element_type=\"widget\" data-widget_type=\"shortcode.default\">\n\t\t\t\t\t\t\t<div class=\"elementor-shortcode\">\n<div class=\"wpcf7 no-js\" id=\"wpcf7-f5196-o1\" lang=\"tr-TR\" dir=\"ltr\" data-wpcf7-id=\"5196\">\n<div class=\"screen-reader-response\"><p role=\"status\" aria-live=\"polite\" aria-atomic=\"true\"><\/p> <ul><\/ul><\/div>\n<form action=\"\/kk\/wp-json\/wp\/v2\/pages\/940#wpcf7-f5196-o1\" method=\"post\" class=\"wpcf7-form init\" aria-label=\"\u0130leti\u015fim Formu\" novalidate=\"novalidate\" data-status=\"init\" data-trp-original-action=\"\/kk\/wp-json\/wp\/v2\/pages\/940#wpcf7-f5196-o1\">\n<fieldset class=\"hidden-fields-container\"><input type=\"hidden\" name=\"_wpcf7\" value=\"5196\" \/><input type=\"hidden\" name=\"_wpcf7_version\" value=\"6.1.1\" \/><input type=\"hidden\" name=\"_wpcf7_locale\" value=\"tr_TR\" \/><input type=\"hidden\" name=\"_wpcf7_unit_tag\" value=\"wpcf7-f5196-o1\" \/><input type=\"hidden\" name=\"_wpcf7_container_post\" value=\"0\" \/><input type=\"hidden\" name=\"_wpcf7_posted_data_hash\" value=\"\" \/>\n<\/fieldset>\n<div class=\"cf7-ekoset\">\n\t<div class=\"form-row\">\n\t\t<div class=\"form-col\">\n\t\t\t<p><label class=\"field-label\">\u0410\u0442\u044b\u04a3\u044b\u0437 <span class=\"req\">*<\/span><\/label><br \/>\n<span class=\"wpcf7-form-control-wrap\" data-name=\"your-name\"><input size=\"40\" maxlength=\"400\" class=\"wpcf7-form-control wpcf7-text wpcf7-validates-as-required\" id=\"your-name\" aria-required=\"true\" aria-invalid=\"false\" placeholder=\"\u0410\u0442\u044b\u04a3\u044b\u0437\" value=\"\" type=\"text\" name=\"your-name\" \/><\/span>\n\t\t\t<\/p>\n\t\t<\/div>\n\t\t<div class=\"form-col\">\n\t\t\t<p><label class=\"field-label\">\u042d\u043b\u0435\u043a\u0442\u0440\u043e\u043d\u0434\u044b\u049b \u043f\u043e\u0448\u0442\u0430 <span class=\"req\">*<\/span><\/label><br \/>\n<span class=\"wpcf7-form-control-wrap\" data-name=\"your-email\"><input size=\"40\" maxlength=\"400\" class=\"wpcf7-form-control wpcf7-email wpcf7-validates-as-required wpcf7-text wpcf7-validates-as-email\" id=\"your-email\" aria-required=\"true\" aria-invalid=\"false\" placeholder=\"\u042d\u043b\u0435\u043a\u0442\u0440\u043e\u043d\u0434\u044b\u049b \u043f\u043e\u0448\u0442\u0430\" value=\"\" type=\"email\" name=\"your-email\" \/><\/span>\n\t\t\t<\/p>\n\t\t<\/div>\n\t<\/div>\n\t<div class=\"form-row\">\n\t\t<div class=\"form-col\">\n\t\t\t<p><label class=\"field-label\">\u0422\u0435\u043b\u0435\u0444\u043e\u043d<\/label><br \/>\n<span class=\"wpcf7-form-control-wrap\" data-name=\"your-phone\"><input size=\"40\" maxlength=\"400\" class=\"wpcf7-form-control wpcf7-tel wpcf7-text wpcf7-validates-as-tel\" id=\"your-phone\" aria-invalid=\"false\" placeholder=\"\u0422\u0435\u043b\u0435\u0444\u043e\u043d\" value=\"\" type=\"tel\" name=\"your-phone\" \/><\/span>\n\t\t\t<\/p>\n\t\t<\/div>\n\t\t<div class=\"form-col\">\n\t\t\t<p><label class=\"field-label\">\u0422\u0430\u049b\u044b\u0440\u044b\u043f <span class=\"req\">*<\/span><\/label><br \/>\n<span class=\"wpcf7-form-control-wrap\" data-name=\"your-subject\"><input size=\"40\" maxlength=\"400\" class=\"wpcf7-form-control wpcf7-text wpcf7-validates-as-required\" id=\"your-subject\" aria-required=\"true\" aria-invalid=\"false\" placeholder=\"\u0422\u0430\u049b\u044b\u0440\u044b\u043f\" value=\"\" type=\"text\" name=\"your-subject\" \/><\/span>\n\t\t\t<\/p>\n\t\t<\/div>\n\t<\/div>\n\t<div class=\"form-row full\">\n\t\t<p><label class=\"field-label\">\u0425\u0430\u0431\u0430\u0440\u044b\u04a3\u044b\u0437 <span class=\"req\">*<\/span><\/label><br \/>\n<span class=\"wpcf7-form-control-wrap\" data-name=\"your-message\"><textarea cols=\"40\" rows=\"10\" maxlength=\"2000\" class=\"wpcf7-form-control wpcf7-textarea wpcf7-validates-as-required\" id=\"your-message\" aria-required=\"true\" aria-invalid=\"false\" placeholder=\"\u0425\u0430\u0431\u0430\u0440\u044b\u04a3\u044b\u0437\" name=\"your-message\"><\/textarea><\/span>\n\t\t<\/p>\n\t<\/div>\n\t<div class=\"submit-wrap\">\n\t\t<p><input class=\"wpcf7-form-control wpcf7-submit has-spinner\" id=\"submit-ekoset\" type=\"submit\" value=\"\u0425\u0430\u0431\u0430\u0440\u0434\u044b \u0416\u0456\u0431\u0435\u0440\u0443\" \/>\n\t\t<\/p>\n\t<\/div>\n<\/div><div class=\"wpcf7-response-output\" aria-hidden=\"true\"><\/div>\n<input type=\"hidden\" name=\"trp-form-language\" value=\"kk\"\/><\/form>\n<\/div>\n<\/div>\n\t\t\t\t\t\t<\/div>\n\t\t\t\t<\/div>\n\t\t<div class=\"elementor-element elementor-element-2ab0572 e-con-full e-flex rt-default-class e-con e-child\" data-id=\"2ab0572\" data-element_type=\"container\">\n\t\t\t\t<div class=\"elementor-element elementor-element-38a9683 rt-default-class elementor-widget elementor-widget-heading\" data-id=\"38a9683\" data-element_type=\"widget\" data-widget_type=\"heading.default\">\n\t\t\t\t\t<h4 class=\"elementor-heading-title elementor-size-default\">\u0411\u0430\u0439\u043b\u0430\u043d\u044b\u0441 \u041c\u04d9\u043b\u0456\u043c\u0435\u0442\u0442\u0435\u0440\u0456\u043c\u0456\u0437<\/h4>\t\t\t\t<\/div>\n\t\t<div class=\"elementor-element elementor-element-5c00f3e e-grid e-con-boxed rt-default-class e-con e-child\" data-id=\"5c00f3e\" data-element_type=\"container\" data-settings=\"{&quot;background_background&quot;:&quot;classic&quot;}\">\n\t\t\t\t\t<div class=\"e-con-inner\">\n\t\t\t\t\t<\/div>\n\t\t\t\t<\/div>\n\t\t<div class=\"elementor-element elementor-element-57c1b26 e-flex e-con-boxed rt-default-class e-con e-child\" data-id=\"57c1b26\" data-element_type=\"container\">\n\t\t\t\t\t<div class=\"e-con-inner\">\n\t\t\t\t<div class=\"elementor-element elementor-element-d6000db elementor-position-left elementor-mobile-position-left elementor-view-default rt-default-class elementor-widget elementor-widget-icon-box\" data-id=\"d6000db\" data-element_type=\"widget\" data-widget_type=\"icon-box.default\">\n\t\t\t\t\t\t\t<div class=\"elementor-icon-box-wrapper\">\n\n\t\t\t\t\t\t<div class=\"elementor-icon-box-icon\">\n\t\t\t\t<span  class=\"elementor-icon\">\n\t\t\t\t<svg aria-hidden=\"true\" class=\"e-font-icon-svg e-fas-map-marker-alt\" viewbox=\"0 0 384 512\" xmlns=\"http:\/\/www.w3.org\/2000\/svg\"><path d=\"M172.268 501.67C26.97 291.031 0 269.413 0 192 0 85.961 85.961 0 192 0s192 85.961 192 192c0 77.413-26.97 99.031-172.268 309.67-9.535 13.774-29.93 13.773-39.464 0zM192 272c44.183 0 80-35.817 80-80s-35.817-80-80-80-80 35.817-80 80 35.817 80 80 80z\"><\/path><\/svg>\t\t\t\t<\/span>\n\t\t\t<\/div>\n\t\t\t\n\t\t\t\t\t\t<div class=\"elementor-icon-box-content\">\n\n\t\t\t\t\t\t\t\t\t<h3 class=\"elementor-icon-box-title\">\n\t\t\t\t\t\t<span  >\n\t\t\t\t\t\t\t\u041c\u0435\u043a\u0435\u043d\u0436\u0430\u0439\t\t\t\t\t\t<\/span>\n\t\t\t\t\t<\/h3>\n\t\t\t\t\n\t\t\t\t\n\t\t\t<\/div>\n\t\t\t\n\t\t<\/div>\n\t\t\t\t\t\t<\/div>\n\t\t\t\t<div class=\"elementor-element elementor-element-8a4ffcb rt-default-class elementor-widget elementor-widget-heading\" data-id=\"8a4ffcb\" data-element_type=\"widget\" data-widget_type=\"heading.default\">\n\t\t\t\t\t<span class=\"elementor-heading-title elementor-size-default\">Maltepe Mahallesi, Merter Meridyen \u0130\u015f Merkezi No:1 D:64 Zeytinburnu \/ \u0130stanbul\n<\/span>\t\t\t\t<\/div>\n\t\t\t\t<div class=\"elementor-element elementor-element-23d9a1d elementor-position-left elementor-mobile-position-left elementor-view-default rt-default-class elementor-widget elementor-widget-icon-box\" data-id=\"23d9a1d\" data-element_type=\"widget\" data-widget_type=\"icon-box.default\">\n\t\t\t\t\t\t\t<div class=\"elementor-icon-box-wrapper\">\n\n\t\t\t\t\t\t<div class=\"elementor-icon-box-icon\">\n\t\t\t\t<span  class=\"elementor-icon\">\n\t\t\t\t<svg aria-hidden=\"true\" class=\"e-font-icon-svg e-fas-envelope\" viewbox=\"0 0 512 512\" xmlns=\"http:\/\/www.w3.org\/2000\/svg\"><path d=\"M502.3 190.8c3.9-3.1 9.7-.2 9.7 4.7V400c0 26.5-21.5 48-48 48H48c-26.5 0-48-21.5-48-48V195.6c0-5 5.7-7.8 9.7-4.7 22.4 17.4 52.1 39.5 154.1 113.6 21.1 15.4 56.7 47.8 92.2 47.6 35.7.3 72-32.8 92.3-47.6 102-74.1 131.6-96.3 154-113.7zM256 320c23.2.4 56.6-29.2 73.4-41.4 132.7-96.3 142.8-104.7 173.4-128.7 5.8-4.5 9.2-11.5 9.2-18.9v-19c0-26.5-21.5-48-48-48H48C21.5 64 0 85.5 0 112v19c0 7.4 3.4 14.3 9.2 18.9 30.6 23.9 40.7 32.4 173.4 128.7 16.8 12.2 50.2 41.8 73.4 41.4z\"><\/path><\/svg>\t\t\t\t<\/span>\n\t\t\t<\/div>\n\t\t\t\n\t\t\t\t\t\t<div class=\"elementor-icon-box-content\">\n\n\t\t\t\t\t\t\t\t\t<h3 class=\"elementor-icon-box-title\">\n\t\t\t\t\t\t<span  >\n\t\t\t\t\t\t\t\u042d\u043b\u0435\u043a\u0442\u0440\u043e\u043d\u0434\u044b\u049b \u043f\u043e\u0448\u0442\u0430\t\t\t\t\t\t<\/span>\n\t\t\t\t\t<\/h3>\n\t\t\t\t\n\t\t\t\t\n\t\t\t<\/div>\n\t\t\t\n\t\t<\/div>\n\t\t\t\t\t\t<\/div>\n\t\t\t\t<div class=\"elementor-element elementor-element-5912d4c rt-default-class elementor-widget elementor-widget-heading\" data-id=\"5912d4c\" data-element_type=\"widget\" data-widget_type=\"heading.default\">\n\t\t\t\t\t<span class=\"elementor-heading-title elementor-size-default\"><a href=\"mailto:info@ekoenerjisistemleri.com\">info@ekoenerjisistemleri.com\n<\/a><\/span>\t\t\t\t<\/div>\n\t\t\t\t\t<\/div>\n\t\t\t\t<\/div>\n\t\t\t\t<\/div>\n\t\t\t\t\t<\/div>\n\t\t\t\t<\/div>\n\t\t\t\t<\/div>","protected":false},"excerpt":{"rendered":"<p>Eko Enerji Sistemleri \u0130leti\u015fim Eko Enerji Sistemleri &gt; Blog \u0130leti\u015fim Bilgilerimiz Adres Maltepe Mahallesi, Merter Meridyen \u0130\u015f Merkezi No:1 D:64 Zeytinburnu \/ \u0130stanbul Email info@ekoenerjisistemleri.com<\/p>","protected":false},"author":1,"featured_media":0,"parent":0,"menu_order":0,"comment_status":"closed","ping_status":"closed","template":"elementor_header_footer","meta":{"pagelayer_contact_templates":[],"_pagelayer_content":"","footnotes":""},"class_list":["post-940","page","type-page","status-publish","hentry"],"_links":{"self":[{"href":"https:\/\/ekoenerjisistemleri.com\/kk\/wp-json\/wp\/v2\/pages\/940","targetHints":{"allow":["GET"]}}],"collection":[{"href":"https:\/\/ekoenerjisistemleri.com\/kk\/wp-json\/wp\/v2\/pages"}],"about":[{"href":"https:\/\/ekoenerjisistemleri.com\/kk\/wp-json\/wp\/v2\/types\/page"}],"author":[{"embeddable":true,"href":"https:\/\/ekoenerjisistemleri.com\/kk\/wp-json\/wp\/v2\/users\/1"}],"replies":[{"embeddable":true,"href":"https:\/\/ekoenerjisistemleri.com\/kk\/wp-json\/wp\/v2\/comments?post=940"}],"version-history":[{"count":14,"href":"https:\/\/ekoenerjisistemleri.com\/kk\/wp-json\/wp\/v2\/pages\/940\/revisions"}],"predecessor-version":[{"id":5219,"href":"https:\/\/ekoenerjisistemleri.com\/kk\/wp-json\/wp\/v2\/pages\/940\/revisions\/5219"}],"wp:attachment":[{"href":"https:\/\/ekoenerjisistemleri.com\/kk\/wp-json\/wp\/v2\/media?parent=940"}],"curies":[{"name":"wp","href":"https:\/\/api.w.org\/{rel}","templated":true}]}}